{"id":1745,"date":"2024-08-21T20:24:43","date_gmt":"2024-08-21T18:24:43","guid":{"rendered":"https:\/\/www.dentalmir.com\/sobre-nosaltres\/"},"modified":"2024-11-17T09:09:22","modified_gmt":"2024-11-17T08:09:22","slug":"sobre-nosaltres","status":"publish","type":"page","link":"https:\/\/www.dentalmir.com\/ca\/sobre-nosaltres\/","title":{"rendered":"Sobre nosaltres"},"content":{"rendered":"\t\t<div data-elementor-type=\"wp-page\" data-elementor-id=\"1745\" class=\"elementor elementor-1745 elementor-325\" data-elementor-post-type=\"page\">\n\t\t\t\t<div class=\"elementor-element elementor-element-68a751d e-flex e-con-boxed e-con e-parent\" data-id=\"68a751d\" data-element_type=\"container\" data-e-type=\"container\" data-settings=\"{&quot;background_background&quot;:&quot;classic&quot;}\">\n\t\t\t\t\t<div class=\"e-con-inner\">\n\t\t\t\t<div class=\"elementor-element elementor-element-bc7e61a elementor-widget elementor-widget-heading\" data-id=\"bc7e61a\" data-element_type=\"widget\" data-e-type=\"widget\" data-widget_type=\"heading.default\">\n\t\t\t\t<div class=\"elementor-widget-container\">\n\t\t\t\t\t<h1 class=\"elementor-heading-title elementor-size-default\">Coneix-nos<\/h1>\t\t\t\t<\/div>\n\t\t\t\t<\/div>\n\t\t\t\t\t<\/div>\n\t\t\t\t<\/div>\n\t\t<div class=\"elementor-element elementor-element-2ca3a1a e-flex e-con-boxed e-con e-parent\" data-id=\"2ca3a1a\" data-element_type=\"container\" data-e-type=\"container\" data-settings=\"{&quot;background_background&quot;:&quot;classic&quot;}\">\n\t\t\t\t\t<div class=\"e-con-inner\">\n\t\t\t\t<div class=\"elementor-element elementor-element-9a99305 elementor-widget elementor-widget-heading\" data-id=\"9a99305\" data-element_type=\"widget\" data-e-type=\"widget\" data-widget_type=\"heading.default\">\n\t\t\t\t<div class=\"elementor-widget-container\">\n\t\t\t\t\t<h1 class=\"elementor-heading-title elementor-size-default\">La nostra hist\u00f2ria<\/h1>\t\t\t\t<\/div>\n\t\t\t\t<\/div>\n\t\t\t\t<div class=\"elementor-element elementor-element-ad5eda6 elementor-widget__width-initial elementor-widget-mobile__width-inherit elementor-widget elementor-widget-text-editor\" data-id=\"ad5eda6\" data-element_type=\"widget\" data-e-type=\"widget\" data-widget_type=\"text-editor.default\">\n\t\t\t\t<div class=\"elementor-widget-container\">\n\t\t\t\t\t\t\t\t\t<p>Dentalmir es va fundar fa m\u00e9s de dues d\u00e8cades a Montcada i Reixac amb el prop\u00f2sit d&#8217;oferir una cura dental integral i d&#8217;alta qualitat a la comunitat. La cl\u00ednica est\u00e0 dirigida per la Dra. Miriam Rodriguez, que ha combinat la seva \u00e0mplia experi\u00e8ncia i habilitats t\u00e8cniques amb un enfocament hum\u00e0 i personalitzat cap a cada pacient. Al llarg dels anys, Dentalmir s&#8217;ha consolidat com a referent a la zona gr\u00e0cies al seu comprom\u00eds amb l&#8217;excel\u00b7l\u00e8ncia i la innovaci\u00f3 en tractaments odontol\u00f2gics.<\/p>\t\t\t\t\t\t\t\t<\/div>\n\t\t\t\t<\/div>\n\t\t<div class=\"elementor-element elementor-element-d8c95fb e-grid e-con-full e-con e-child\" data-id=\"d8c95fb\" data-element_type=\"container\" data-e-type=\"container\">\n\t\t<div class=\"elementor-element elementor-element-feae004 e-con-full e-flex e-con e-child\" data-id=\"feae004\" data-element_type=\"container\" data-e-type=\"container\">\n\t\t\t\t<div class=\"elementor-element elementor-element-4c8def3 elementor-widget elementor-widget-heading\" data-id=\"4c8def3\" data-element_type=\"widget\" data-e-type=\"widget\" data-widget_type=\"heading.default\">\n\t\t\t\t<div class=\"elementor-widget-container\">\n\t\t\t\t\t<h2 class=\"elementor-heading-title elementor-size-default\">Quina \u00e9s la nostra missi\u00f3?<\/h2>\t\t\t\t<\/div>\n\t\t\t\t<\/div>\n\t\t\t\t<div class=\"elementor-element elementor-element-af51d55 elementor-widget elementor-widget-text-editor\" data-id=\"af51d55\" data-element_type=\"widget\" data-e-type=\"widget\" data-widget_type=\"text-editor.default\">\n\t\t\t\t<div class=\"elementor-widget-container\">\n\t\t\t\t\t\t\t\t\t<p>A Dentalmir volem proporcionar als nostres pacients una cura dental de la m\u00e9s alta qualitat, utilitzant les darreres tecnologies i t\u00e8cniques avan\u00e7ades. Ens esforcem per crear un ambient acollidor i segur on cada pacient rebi una atenci\u00f3 personalitzada que en promogui el benestar oral i general. <\/p>\n\t\t\t\t\t\t\t\t<\/div>\n\t\t\t\t<\/div>\n\t\t\t\t<\/div>\n\t\t<div class=\"elementor-element elementor-element-1ec5c46 e-con-full e-flex e-con e-child\" data-id=\"1ec5c46\" data-element_type=\"container\" data-e-type=\"container\">\n\t\t\t\t<div class=\"elementor-element elementor-element-4e1a39a elementor-widget elementor-widget-heading\" data-id=\"4e1a39a\" data-element_type=\"widget\" data-e-type=\"widget\" data-widget_type=\"heading.default\">\n\t\t\t\t<div class=\"elementor-widget-container\">\n\t\t\t\t\t<h2 class=\"elementor-heading-title elementor-size-default\">Cap a on anem?<\/h2>\t\t\t\t<\/div>\n\t\t\t\t<\/div>\n\t\t\t\t<div class=\"elementor-element elementor-element-c3e0892 elementor-widget elementor-widget-text-editor\" data-id=\"c3e0892\" data-element_type=\"widget\" data-e-type=\"widget\" data-widget_type=\"text-editor.default\">\n\t\t\t\t<div class=\"elementor-widget-container\">\n\t\t\t\t\t\t\t\t\t<p>Aspirem a ser la cl\u00ednica dental de refer\u00e8ncia a Montcada i Reixac i els seus voltants, destacant per la nostra professionalitat, empatia i dedicaci\u00f3 al pacient. Ens comprometem a mantenir-nos a l&#8217;avantguarda de l&#8217;odontologia, oferint tractaments innovadors que millorin la salut i l&#8217;est\u00e8tica dental dels nostres pacients, sempre amb un enfocament hum\u00e0 i personalitzat. <\/p>\n\t\t\t\t\t\t\t\t<\/div>\n\t\t\t\t<\/div>\n\t\t\t\t<\/div>\n\t\t\t\t<\/div>\n\t\t\t\t\t<\/div>\n\t\t\t\t<\/div>\n\t\t<div class=\"elementor-element elementor-element-e13c41d e-grid e-con-boxed e-con e-parent\" data-id=\"e13c41d\" data-element_type=\"container\" data-e-type=\"container\">\n\t\t\t\t\t<div class=\"e-con-inner\">\n\t\t<div class=\"elementor-element elementor-element-5172a79 e-con-full e-flex e-con e-child\" data-id=\"5172a79\" data-element_type=\"container\" data-e-type=\"container\">\n\t\t\t\t<div class=\"elementor-element elementor-element-36340eb elementor-widget elementor-widget-heading\" data-id=\"36340eb\" data-element_type=\"widget\" data-e-type=\"widget\" data-widget_type=\"heading.default\">\n\t\t\t\t<div class=\"elementor-widget-container\">\n\t\t\t\t\t<h1 class=\"elementor-heading-title elementor-size-default\">Alta innovaci\u00f3 que t'acompanya<\/h1>\t\t\t\t<\/div>\n\t\t\t\t<\/div>\n\t\t\t\t<div class=\"elementor-element elementor-element-a053834 elementor-widget elementor-widget-text-editor\" data-id=\"a053834\" data-element_type=\"widget\" data-e-type=\"widget\" data-widget_type=\"text-editor.default\">\n\t\t\t\t<div class=\"elementor-widget-container\">\n\t\t\t\t\t\t\t\t\t<p>A DentalMir comptem amb tecnologia d&#8217;avantguarda, fonamental per poder dur a terme les feines de l&#8217;odont\u00f2leg. Els darrers aven\u00e7os permeten realitzar els diagn\u00f2stics i tractaments amb m\u00e9s rapidesa i aconseguir els millors resultats.<\/p><p>Treballem per aconseguir la millor atenci\u00f3 dels nostres pacients, oferint alta qualitat en cada proc\u00e9s del tractament. Per aix\u00f2, posem al teu abast tecnologia d&#8217;\u00faltima generaci\u00f3 com ara radiografies intraorals, TAC 3D i CAD-CAM, mitjan\u00e7ant la qual realitzem el disseny i la fabricaci\u00f3 de pr\u00f2tesis i implants amb la m\u00e0xima precisi\u00f3.<\/p>\t\t\t\t\t\t\t\t<\/div>\n\t\t\t\t<\/div>\n\t\t\t\t<\/div>\n\t\t<div class=\"elementor-element elementor-element-044c7d9 e-con-full e-flex e-con e-child\" data-id=\"044c7d9\" data-element_type=\"container\" data-e-type=\"container\">\n\t\t\t\t<div class=\"elementor-element elementor-element-e270e84 elementor-widget elementor-widget-image\" data-id=\"e270e84\" data-element_type=\"widget\" data-e-type=\"widget\" data-widget_type=\"image.default\">\n\t\t\t\t<div class=\"elementor-widget-container\">\n\t\t\t\t\t\t\t\t\t\t\t\t\t\t\t<img fetchpriority=\"high\" decoding=\"async\" width=\"1499\" height=\"2560\" src=\"https:\/\/www.dentalmir.com\/wp-content\/uploads\/2024\/11\/DSC02826-scaled.jpg\" class=\"attachment-full size-full wp-image-1754\" alt=\"\" srcset=\"https:\/\/www.dentalmir.com\/wp-content\/uploads\/2024\/11\/DSC02826-scaled.jpg 1499w, https:\/\/www.dentalmir.com\/wp-content\/uploads\/2024\/11\/DSC02826-176x300.jpg 176w, https:\/\/www.dentalmir.com\/wp-content\/uploads\/2024\/11\/DSC02826-600x1024.jpg 600w, https:\/\/www.dentalmir.com\/wp-content\/uploads\/2024\/11\/DSC02826-768x1312.jpg 768w, https:\/\/www.dentalmir.com\/wp-content\/uploads\/2024\/11\/DSC02826-899x1536.jpg 899w, https:\/\/www.dentalmir.com\/wp-content\/uploads\/2024\/11\/DSC02826-1199x2048.jpg 1199w\" sizes=\"(max-width: 1499px) 100vw, 1499px\" \/>\t\t\t\t\t\t\t\t\t\t\t\t\t\t\t<\/div>\n\t\t\t\t<\/div>\n\t\t\t\t<\/div>\n\t\t\t\t\t<\/div>\n\t\t\t\t<\/div>\n\t\t<div class=\"elementor-element elementor-element-08d58ca e-grid e-con-boxed e-con e-parent\" data-id=\"08d58ca\" data-element_type=\"container\" data-e-type=\"container\">\n\t\t\t\t\t<div class=\"e-con-inner\">\n\t\t<div class=\"elementor-element elementor-element-5b49f3c e-con-full e-flex e-con e-child\" data-id=\"5b49f3c\" data-element_type=\"container\" data-e-type=\"container\">\n\t\t\t\t<div class=\"elementor-element elementor-element-d53cce7 elementor-widget elementor-widget-image\" data-id=\"d53cce7\" data-element_type=\"widget\" data-e-type=\"widget\" data-widget_type=\"image.default\">\n\t\t\t\t<div class=\"elementor-widget-container\">\n\t\t\t\t\t\t\t\t\t\t\t\t\t\t\t<img decoding=\"async\" width=\"2560\" height=\"1707\" src=\"https:\/\/www.dentalmir.com\/wp-content\/uploads\/2024\/11\/DSC02861-scaled.jpg\" class=\"attachment-full size-full wp-image-1770\" alt=\"\" srcset=\"https:\/\/www.dentalmir.com\/wp-content\/uploads\/2024\/11\/DSC02861-scaled.jpg 2560w, https:\/\/www.dentalmir.com\/wp-content\/uploads\/2024\/11\/DSC02861-300x200.jpg 300w, https:\/\/www.dentalmir.com\/wp-content\/uploads\/2024\/11\/DSC02861-1024x683.jpg 1024w, https:\/\/www.dentalmir.com\/wp-content\/uploads\/2024\/11\/DSC02861-768x512.jpg 768w, https:\/\/www.dentalmir.com\/wp-content\/uploads\/2024\/11\/DSC02861-1536x1024.jpg 1536w, https:\/\/www.dentalmir.com\/wp-content\/uploads\/2024\/11\/DSC02861-2048x1365.jpg 2048w\" sizes=\"(max-width: 2560px) 100vw, 2560px\" \/>\t\t\t\t\t\t\t\t\t\t\t\t\t\t\t<\/div>\n\t\t\t\t<\/div>\n\t\t\t\t<\/div>\n\t\t<div class=\"elementor-element elementor-element-4f79f5f e-con-full e-flex e-con e-child\" data-id=\"4f79f5f\" data-element_type=\"container\" data-e-type=\"container\">\n\t\t\t\t<div class=\"elementor-element elementor-element-fe0a41a elementor-widget elementor-widget-image\" data-id=\"fe0a41a\" data-element_type=\"widget\" data-e-type=\"widget\" data-widget_type=\"image.default\">\n\t\t\t\t<div class=\"elementor-widget-container\">\n\t\t\t\t\t\t\t\t\t\t\t\t\t\t\t<img decoding=\"async\" width=\"2560\" height=\"1707\" src=\"https:\/\/www.dentalmir.com\/wp-content\/uploads\/2024\/11\/DSC02791-scaled.jpg\" class=\"attachment-full size-full wp-image-1759\" alt=\"\" srcset=\"https:\/\/www.dentalmir.com\/wp-content\/uploads\/2024\/11\/DSC02791-scaled.jpg 2560w, https:\/\/www.dentalmir.com\/wp-content\/uploads\/2024\/11\/DSC02791-300x200.jpg 300w, https:\/\/www.dentalmir.com\/wp-content\/uploads\/2024\/11\/DSC02791-1024x683.jpg 1024w, https:\/\/www.dentalmir.com\/wp-content\/uploads\/2024\/11\/DSC02791-768x512.jpg 768w, https:\/\/www.dentalmir.com\/wp-content\/uploads\/2024\/11\/DSC02791-1536x1024.jpg 1536w, https:\/\/www.dentalmir.com\/wp-content\/uploads\/2024\/11\/DSC02791-2048x1365.jpg 2048w\" sizes=\"(max-width: 2560px) 100vw, 2560px\" \/>\t\t\t\t\t\t\t\t\t\t\t\t\t\t\t<\/div>\n\t\t\t\t<\/div>\n\t\t\t\t<\/div>\n\t\t<div class=\"elementor-element elementor-element-9cf22cc e-con-full e-flex e-con e-child\" data-id=\"9cf22cc\" data-element_type=\"container\" data-e-type=\"container\">\n\t\t\t\t<div class=\"elementor-element elementor-element-8c72e5c elementor-widget elementor-widget-image\" data-id=\"8c72e5c\" data-element_type=\"widget\" data-e-type=\"widget\" data-widget_type=\"image.default\">\n\t\t\t\t<div class=\"elementor-widget-container\">\n\t\t\t\t\t\t\t\t\t\t\t\t\t\t\t<img loading=\"lazy\" decoding=\"async\" width=\"1707\" height=\"2560\" src=\"https:\/\/www.dentalmir.com\/wp-content\/uploads\/2024\/11\/DSC02822-scaled.jpg\" class=\"attachment-full size-full wp-image-1771\" alt=\"\" srcset=\"https:\/\/www.dentalmir.com\/wp-content\/uploads\/2024\/11\/DSC02822-scaled.jpg 1707w, https:\/\/www.dentalmir.com\/wp-content\/uploads\/2024\/11\/DSC02822-200x300.jpg 200w, https:\/\/www.dentalmir.com\/wp-content\/uploads\/2024\/11\/DSC02822-683x1024.jpg 683w, https:\/\/www.dentalmir.com\/wp-content\/uploads\/2024\/11\/DSC02822-768x1152.jpg 768w, https:\/\/www.dentalmir.com\/wp-content\/uploads\/2024\/11\/DSC02822-1024x1536.jpg 1024w, https:\/\/www.dentalmir.com\/wp-content\/uploads\/2024\/11\/DSC02822-1365x2048.jpg 1365w\" sizes=\"(max-width: 1707px) 100vw, 1707px\" \/>\t\t\t\t\t\t\t\t\t\t\t\t\t\t\t<\/div>\n\t\t\t\t<\/div>\n\t\t\t\t<\/div>\n\t\t\t\t\t<\/div>\n\t\t\t\t<\/div>\n\t\t<div class=\"elementor-element elementor-element-d261c0d e-grid e-con-boxed e-con e-parent\" data-id=\"d261c0d\" data-element_type=\"container\" data-e-type=\"container\">\n\t\t\t\t\t<div class=\"e-con-inner\">\n\t\t<div class=\"elementor-element elementor-element-1f87e1f e-con-full e-flex e-con e-child\" data-id=\"1f87e1f\" data-element_type=\"container\" data-e-type=\"container\">\n\t\t\t\t<div class=\"elementor-element elementor-element-d2dfdd2 elementor-widget elementor-widget-image\" data-id=\"d2dfdd2\" data-element_type=\"widget\" data-e-type=\"widget\" data-widget_type=\"image.default\">\n\t\t\t\t<div class=\"elementor-widget-container\">\n\t\t\t\t\t\t\t\t\t\t\t\t\t\t\t<img loading=\"lazy\" decoding=\"async\" width=\"2560\" height=\"1707\" src=\"https:\/\/www.dentalmir.com\/wp-content\/uploads\/2024\/11\/DSC02859-scaled.jpg\" class=\"attachment-full size-full wp-image-1758\" alt=\"\" srcset=\"https:\/\/www.dentalmir.com\/wp-content\/uploads\/2024\/11\/DSC02859-scaled.jpg 2560w, https:\/\/www.dentalmir.com\/wp-content\/uploads\/2024\/11\/DSC02859-300x200.jpg 300w, https:\/\/www.dentalmir.com\/wp-content\/uploads\/2024\/11\/DSC02859-1024x683.jpg 1024w, https:\/\/www.dentalmir.com\/wp-content\/uploads\/2024\/11\/DSC02859-768x512.jpg 768w, https:\/\/www.dentalmir.com\/wp-content\/uploads\/2024\/11\/DSC02859-1536x1024.jpg 1536w, https:\/\/www.dentalmir.com\/wp-content\/uploads\/2024\/11\/DSC02859-2048x1365.jpg 2048w\" sizes=\"(max-width: 2560px) 100vw, 2560px\" \/>\t\t\t\t\t\t\t\t\t\t\t\t\t\t\t<\/div>\n\t\t\t\t<\/div>\n\t\t\t\t<\/div>\n\t\t<div class=\"elementor-element elementor-element-eb913ef e-con-full e-flex e-con e-child\" data-id=\"eb913ef\" data-element_type=\"container\" data-e-type=\"container\">\n\t\t\t\t<div class=\"elementor-element elementor-element-4d84a93 elementor-widget elementor-widget-image\" data-id=\"4d84a93\" data-element_type=\"widget\" data-e-type=\"widget\" data-widget_type=\"image.default\">\n\t\t\t\t<div class=\"elementor-widget-container\">\n\t\t\t\t\t\t\t\t\t\t\t\t\t\t\t<img loading=\"lazy\" decoding=\"async\" width=\"2560\" height=\"1707\" src=\"https:\/\/www.dentalmir.com\/wp-content\/uploads\/2024\/11\/DSC02738-scaled.jpg\" class=\"attachment-full size-full wp-image-1760\" alt=\"\" srcset=\"https:\/\/www.dentalmir.com\/wp-content\/uploads\/2024\/11\/DSC02738-scaled.jpg 2560w, https:\/\/www.dentalmir.com\/wp-content\/uploads\/2024\/11\/DSC02738-300x200.jpg 300w, https:\/\/www.dentalmir.com\/wp-content\/uploads\/2024\/11\/DSC02738-1024x683.jpg 1024w, https:\/\/www.dentalmir.com\/wp-content\/uploads\/2024\/11\/DSC02738-768x512.jpg 768w, https:\/\/www.dentalmir.com\/wp-content\/uploads\/2024\/11\/DSC02738-1536x1024.jpg 1536w, https:\/\/www.dentalmir.com\/wp-content\/uploads\/2024\/11\/DSC02738-2048x1365.jpg 2048w\" sizes=\"(max-width: 2560px) 100vw, 2560px\" \/>\t\t\t\t\t\t\t\t\t\t\t\t\t\t\t<\/div>\n\t\t\t\t<\/div>\n\t\t\t\t<\/div>\n\t\t\t\t\t<\/div>\n\t\t\t\t<\/div>\n\t\t\t\t<\/div>\n\t\t","protected":false},"excerpt":{"rendered":"<p>Coneix-nos La nostra hist\u00f2ria Dentalmir es va fundar fa m\u00e9s de dues d\u00e8cades a Montcada i Reixac amb el prop\u00f2sit d&#8217;oferir una cura dental integral i d&#8217;alta qualitat a la comunitat. La cl\u00ednica est\u00e0 dirigida per la Dra. Miriam Rodriguez, que ha combinat la seva \u00e0mplia experi\u00e8ncia i habilitats t\u00e8cniques amb un enfocament hum\u00e0 i [&hellip;]<\/p>\n","protected":false},"author":1,"featured_media":0,"parent":0,"menu_order":0,"comment_status":"closed","ping_status":"closed","template":"","meta":{"_acf_changed":false,"footnotes":""},"class_list":["post-1745","page","type-page","status-publish","hentry"],"acf":[],"yoast_head":"<!-- This site is optimized with the Yoast SEO plugin v27.5 - https:\/\/yoast.com\/product\/yoast-seo-wordpress\/ -->\n<title>Sobre nosaltres - DentalMir<\/title>\n<meta name=\"robots\" content=\"index, follow, max-snippet:-1, max-image-preview:large, max-video-preview:-1\" \/>\n<link rel=\"canonical\" href=\"https:\/\/www.dentalmir.com\/ca\/sobre-nosaltres\/\" \/>\n<meta property=\"og:locale\" content=\"ca_ES\" \/>\n<meta property=\"og:type\" content=\"article\" \/>\n<meta property=\"og:title\" content=\"Sobre nosaltres - DentalMir\" \/>\n<meta property=\"og:description\" content=\"Coneix-nos La nostra hist\u00f2ria Dentalmir es va fundar fa m\u00e9s de dues d\u00e8cades a Montcada i Reixac amb el prop\u00f2sit d&#8217;oferir una cura dental integral i d&#8217;alta qualitat a la comunitat. La cl\u00ednica est\u00e0 dirigida per la Dra. Miriam Rodriguez, que ha combinat la seva \u00e0mplia experi\u00e8ncia i habilitats t\u00e8cniques amb un enfocament hum\u00e0 i [&hellip;]\" \/>\n<meta property=\"og:url\" content=\"https:\/\/www.dentalmir.com\/ca\/sobre-nosaltres\/\" \/>\n<meta property=\"og:site_name\" content=\"DentalMir\" \/>\n<meta property=\"article:modified_time\" content=\"2024-11-17T08:09:22+00:00\" \/>\n<meta property=\"og:image\" content=\"https:\/\/www.dentalmir.com\/wp-content\/uploads\/2024\/11\/DSC02826-scaled.jpg\" \/>\n\t<meta property=\"og:image:width\" content=\"1499\" \/>\n\t<meta property=\"og:image:height\" content=\"2560\" \/>\n\t<meta property=\"og:image:type\" content=\"image\/jpeg\" \/>\n<meta name=\"twitter:card\" content=\"summary_large_image\" \/>\n<meta name=\"twitter:label1\" content=\"Temps estimat de lectura\" \/>\n\t<meta name=\"twitter:data1\" content=\"3 minuts\" \/>\n<script type=\"application\/ld+json\" class=\"yoast-schema-graph\">{\"@context\":\"https:\\\/\\\/schema.org\",\"@graph\":[{\"@type\":\"WebPage\",\"@id\":\"https:\\\/\\\/www.dentalmir.com\\\/ca\\\/sobre-nosaltres\\\/\",\"url\":\"https:\\\/\\\/www.dentalmir.com\\\/ca\\\/sobre-nosaltres\\\/\",\"name\":\"Sobre nosaltres - DentalMir\",\"isPartOf\":{\"@id\":\"https:\\\/\\\/www.dentalmir.com\\\/ca\\\/#website\"},\"primaryImageOfPage\":{\"@id\":\"https:\\\/\\\/www.dentalmir.com\\\/ca\\\/sobre-nosaltres\\\/#primaryimage\"},\"image\":{\"@id\":\"https:\\\/\\\/www.dentalmir.com\\\/ca\\\/sobre-nosaltres\\\/#primaryimage\"},\"thumbnailUrl\":\"https:\\\/\\\/www.dentalmir.com\\\/wp-content\\\/uploads\\\/2024\\\/11\\\/DSC02826-scaled.jpg\",\"datePublished\":\"2024-08-21T18:24:43+00:00\",\"dateModified\":\"2024-11-17T08:09:22+00:00\",\"breadcrumb\":{\"@id\":\"https:\\\/\\\/www.dentalmir.com\\\/ca\\\/sobre-nosaltres\\\/#breadcrumb\"},\"inLanguage\":\"ca\",\"potentialAction\":[{\"@type\":\"ReadAction\",\"target\":[\"https:\\\/\\\/www.dentalmir.com\\\/ca\\\/sobre-nosaltres\\\/\"]}]},{\"@type\":\"ImageObject\",\"inLanguage\":\"ca\",\"@id\":\"https:\\\/\\\/www.dentalmir.com\\\/ca\\\/sobre-nosaltres\\\/#primaryimage\",\"url\":\"https:\\\/\\\/www.dentalmir.com\\\/wp-content\\\/uploads\\\/2024\\\/11\\\/DSC02826-scaled.jpg\",\"contentUrl\":\"https:\\\/\\\/www.dentalmir.com\\\/wp-content\\\/uploads\\\/2024\\\/11\\\/DSC02826-scaled.jpg\"},{\"@type\":\"BreadcrumbList\",\"@id\":\"https:\\\/\\\/www.dentalmir.com\\\/ca\\\/sobre-nosaltres\\\/#breadcrumb\",\"itemListElement\":[{\"@type\":\"ListItem\",\"position\":1,\"name\":\"Portada\",\"item\":\"https:\\\/\\\/www.dentalmir.com\\\/ca\\\/\"},{\"@type\":\"ListItem\",\"position\":2,\"name\":\"Sobre nosaltres\"}]},{\"@type\":\"WebSite\",\"@id\":\"https:\\\/\\\/www.dentalmir.com\\\/ca\\\/#website\",\"url\":\"https:\\\/\\\/www.dentalmir.com\\\/ca\\\/\",\"name\":\"DentalMir\",\"description\":\"Odontolog\u00eda integral\",\"publisher\":{\"@id\":\"https:\\\/\\\/www.dentalmir.com\\\/ca\\\/#organization\"},\"potentialAction\":[{\"@type\":\"SearchAction\",\"target\":{\"@type\":\"EntryPoint\",\"urlTemplate\":\"https:\\\/\\\/www.dentalmir.com\\\/ca\\\/?s={search_term_string}\"},\"query-input\":{\"@type\":\"PropertyValueSpecification\",\"valueRequired\":true,\"valueName\":\"search_term_string\"}}],\"inLanguage\":\"ca\"},{\"@type\":\"Organization\",\"@id\":\"https:\\\/\\\/www.dentalmir.com\\\/ca\\\/#organization\",\"name\":\"DentalMir\",\"url\":\"https:\\\/\\\/www.dentalmir.com\\\/ca\\\/\",\"logo\":{\"@type\":\"ImageObject\",\"inLanguage\":\"ca\",\"@id\":\"https:\\\/\\\/www.dentalmir.com\\\/ca\\\/#\\\/schema\\\/logo\\\/image\\\/\",\"url\":\"https:\\\/\\\/www.dentalmir.com\\\/wp-content\\\/uploads\\\/2024\\\/07\\\/logo-w.svg\",\"contentUrl\":\"https:\\\/\\\/www.dentalmir.com\\\/wp-content\\\/uploads\\\/2024\\\/07\\\/logo-w.svg\",\"width\":199,\"height\":57,\"caption\":\"DentalMir\"},\"image\":{\"@id\":\"https:\\\/\\\/www.dentalmir.com\\\/ca\\\/#\\\/schema\\\/logo\\\/image\\\/\"}}]}<\/script>\n<!-- \/ Yoast SEO plugin. -->","yoast_head_json":{"title":"Sobre nosaltres - DentalMir","robots":{"index":"index","follow":"follow","max-snippet":"max-snippet:-1","max-image-preview":"max-image-preview:large","max-video-preview":"max-video-preview:-1"},"canonical":"https:\/\/www.dentalmir.com\/ca\/sobre-nosaltres\/","og_locale":"ca_ES","og_type":"article","og_title":"Sobre nosaltres - DentalMir","og_description":"Coneix-nos La nostra hist\u00f2ria Dentalmir es va fundar fa m\u00e9s de dues d\u00e8cades a Montcada i Reixac amb el prop\u00f2sit d&#8217;oferir una cura dental integral i d&#8217;alta qualitat a la comunitat. La cl\u00ednica est\u00e0 dirigida per la Dra. Miriam Rodriguez, que ha combinat la seva \u00e0mplia experi\u00e8ncia i habilitats t\u00e8cniques amb un enfocament hum\u00e0 i [&hellip;]","og_url":"https:\/\/www.dentalmir.com\/ca\/sobre-nosaltres\/","og_site_name":"DentalMir","article_modified_time":"2024-11-17T08:09:22+00:00","og_image":[{"width":1499,"height":2560,"url":"https:\/\/www.dentalmir.com\/wp-content\/uploads\/2024\/11\/DSC02826-scaled.jpg","type":"image\/jpeg"}],"twitter_card":"summary_large_image","twitter_misc":{"Temps estimat de lectura":"3 minuts"},"schema":{"@context":"https:\/\/schema.org","@graph":[{"@type":"WebPage","@id":"https:\/\/www.dentalmir.com\/ca\/sobre-nosaltres\/","url":"https:\/\/www.dentalmir.com\/ca\/sobre-nosaltres\/","name":"Sobre nosaltres - DentalMir","isPartOf":{"@id":"https:\/\/www.dentalmir.com\/ca\/#website"},"primaryImageOfPage":{"@id":"https:\/\/www.dentalmir.com\/ca\/sobre-nosaltres\/#primaryimage"},"image":{"@id":"https:\/\/www.dentalmir.com\/ca\/sobre-nosaltres\/#primaryimage"},"thumbnailUrl":"https:\/\/www.dentalmir.com\/wp-content\/uploads\/2024\/11\/DSC02826-scaled.jpg","datePublished":"2024-08-21T18:24:43+00:00","dateModified":"2024-11-17T08:09:22+00:00","breadcrumb":{"@id":"https:\/\/www.dentalmir.com\/ca\/sobre-nosaltres\/#breadcrumb"},"inLanguage":"ca","potentialAction":[{"@type":"ReadAction","target":["https:\/\/www.dentalmir.com\/ca\/sobre-nosaltres\/"]}]},{"@type":"ImageObject","inLanguage":"ca","@id":"https:\/\/www.dentalmir.com\/ca\/sobre-nosaltres\/#primaryimage","url":"https:\/\/www.dentalmir.com\/wp-content\/uploads\/2024\/11\/DSC02826-scaled.jpg","contentUrl":"https:\/\/www.dentalmir.com\/wp-content\/uploads\/2024\/11\/DSC02826-scaled.jpg"},{"@type":"BreadcrumbList","@id":"https:\/\/www.dentalmir.com\/ca\/sobre-nosaltres\/#breadcrumb","itemListElement":[{"@type":"ListItem","position":1,"name":"Portada","item":"https:\/\/www.dentalmir.com\/ca\/"},{"@type":"ListItem","position":2,"name":"Sobre nosaltres"}]},{"@type":"WebSite","@id":"https:\/\/www.dentalmir.com\/ca\/#website","url":"https:\/\/www.dentalmir.com\/ca\/","name":"DentalMir","description":"Odontolog\u00eda integral","publisher":{"@id":"https:\/\/www.dentalmir.com\/ca\/#organization"},"potentialAction":[{"@type":"SearchAction","target":{"@type":"EntryPoint","urlTemplate":"https:\/\/www.dentalmir.com\/ca\/?s={search_term_string}"},"query-input":{"@type":"PropertyValueSpecification","valueRequired":true,"valueName":"search_term_string"}}],"inLanguage":"ca"},{"@type":"Organization","@id":"https:\/\/www.dentalmir.com\/ca\/#organization","name":"DentalMir","url":"https:\/\/www.dentalmir.com\/ca\/","logo":{"@type":"ImageObject","inLanguage":"ca","@id":"https:\/\/www.dentalmir.com\/ca\/#\/schema\/logo\/image\/","url":"https:\/\/www.dentalmir.com\/wp-content\/uploads\/2024\/07\/logo-w.svg","contentUrl":"https:\/\/www.dentalmir.com\/wp-content\/uploads\/2024\/07\/logo-w.svg","width":199,"height":57,"caption":"DentalMir"},"image":{"@id":"https:\/\/www.dentalmir.com\/ca\/#\/schema\/logo\/image\/"}}]}},"_links":{"self":[{"href":"https:\/\/www.dentalmir.com\/ca\/wp-json\/wp\/v2\/pages\/1745","targetHints":{"allow":["GET"]}}],"collection":[{"href":"https:\/\/www.dentalmir.com\/ca\/wp-json\/wp\/v2\/pages"}],"about":[{"href":"https:\/\/www.dentalmir.com\/ca\/wp-json\/wp\/v2\/types\/page"}],"author":[{"embeddable":true,"href":"https:\/\/www.dentalmir.com\/ca\/wp-json\/wp\/v2\/users\/1"}],"replies":[{"embeddable":true,"href":"https:\/\/www.dentalmir.com\/ca\/wp-json\/wp\/v2\/comments?post=1745"}],"version-history":[{"count":4,"href":"https:\/\/www.dentalmir.com\/ca\/wp-json\/wp\/v2\/pages\/1745\/revisions"}],"predecessor-version":[{"id":1842,"href":"https:\/\/www.dentalmir.com\/ca\/wp-json\/wp\/v2\/pages\/1745\/revisions\/1842"}],"wp:attachment":[{"href":"https:\/\/www.dentalmir.com\/ca\/wp-json\/wp\/v2\/media?parent=1745"}],"curies":[{"name":"wp","href":"https:\/\/api.w.org\/{rel}","templated":true}]}}