{"id":1788,"date":"2024-09-26T16:42:48","date_gmt":"2024-09-26T14:42:48","guid":{"rendered":"https:\/\/www.dentalmir.com\/politica-de-privadesa\/"},"modified":"2024-11-13T16:16:19","modified_gmt":"2024-11-13T15:16:19","slug":"politica-de-privadesa","status":"publish","type":"page","link":"https:\/\/www.dentalmir.com\/ca\/politica-de-privadesa\/","title":{"rendered":"Pol\u00edtica de privadesa"},"content":{"rendered":"\t\t<div data-elementor-type=\"wp-page\" data-elementor-id=\"1788\" class=\"elementor elementor-1788 elementor-1121\" data-elementor-post-type=\"page\">\n\t\t\t\t<div class=\"elementor-element elementor-element-1d20850 e-flex e-con-boxed e-con e-parent\" data-id=\"1d20850\" data-element_type=\"container\" data-e-type=\"container\">\n\t\t\t\t\t<div class=\"e-con-inner\">\n\t\t\t\t<div class=\"elementor-element elementor-element-7a0b62f elementor-widget elementor-widget-heading\" data-id=\"7a0b62f\" data-element_type=\"widget\" data-e-type=\"widget\" data-widget_type=\"heading.default\">\n\t\t\t\t<div class=\"elementor-widget-container\">\n\t\t\t\t\t<h2 class=\"elementor-heading-title elementor-size-default\">Pol\u00edtica de privadesa<\/h2>\t\t\t\t<\/div>\n\t\t\t\t<\/div>\n\t\t\t\t<div class=\"elementor-element elementor-element-8b128dd elementor-widget elementor-widget-text-editor\" data-id=\"8b128dd\" data-element_type=\"widget\" data-e-type=\"widget\" data-widget_type=\"text-editor.default\">\n\t\t\t\t<div class=\"elementor-widget-container\">\n\t\t\t\t\t\t\t\t\t<div><strong style=\"color: var( --e-global-color-text ); font-family: var( --e-global-typography-text-font-family ), Sans-serif; letter-spacing: var( --e-global-typography-text-letter-spacing ); text-align: var(--text-align); font-size: 1rem;\">Responsable del Tractament<\/strong><\/div>\n<p><u>Denominaci\u00f3<\/u> : <em>DENTAL MIR ODONTOLOGIA INTEGRAL SLP<\/em><\/p>\n<p><u>Adre\u00e7a:<\/u> <em>Rambla dels Pa\u00efsos Catalans, 12, 08110 Montcada i Reixac, Barcelona<\/em><\/p>\n<p><u>Tel\u00e8fon de contacte:<\/u> +34 935 64 65 60 \/ +34 669 36 94 13<\/p>\n<p><u>Correu electr\u00f2nic:<\/u> dentalmir@gmail.com<br><br><\/p>\n<p><strong>Tractaments de dades:<\/strong><\/p>\n<p>Les dades de car\u00e0cter personal que se sol\u00b7licitin, si escau, consistiran \u00fanicament en aquelles estrictament imprescindibles per identificar i atendre la sol\u00b7licitud realitzada pel titular dels mateixos, d&#8217;ara endavant l&#8217;interessat. Aquesta informaci\u00f3 ser\u00e0 tractada de manera lleial, l\u00edcita i transparent en relaci\u00f3 amb linteressat. D&#8217;altra banda, les dades personals seran recollides per a finalitats determinades expl\u00edcites i leg\u00edtimes, i no seran tractades ulteriorment de manera incompatible amb aquests fins.  <\/p>\n<p>Les dades recollides de cada interessat seran adequades, pertinents i no excessives en relaci\u00f3 a les finalitats corresponents per a cada cas, i seran actualitzades sempre que sigui necessari.<\/p>\n<p>El titular de les dades ser\u00e0 informat, amb car\u00e0cter previ a la recollida de les seves dades, dels extrems generals regulats en aquesta pol\u00edtica per tal que pugui prestar el consentiment expr\u00e9s, prec\u00eds i inequ\u00edvoc per al tractament de les seves dades, d&#8217;acord amb les seg\u00fcents aspectes.<br><br><\/p>\n<p><em><u>Finalitats del tractament.<\/u><\/em><\/p>\n<p>Les finalitats expl\u00edcites per a les quals es duen a terme cadascun dels tractaments estan recollits en les cl\u00e0usules informatives incorporades a cadascuna de les vies de presa de dades (formularis web, newsletter\u2026).<\/p>\n<p>No obstant aix\u00f2, les dades de car\u00e0cter personal de l&#8217;interessat seran tractades amb la finalitat exclusiva de proporcionar-los una resposta efectiva i atendre les sol\u00b7licituds practicades per l&#8217;usuari, especificades juntament amb l&#8217;opci\u00f3, el servei, el formulari o el sistema de presa de dades que el titular utilitzi.<br><br><\/p>\n<p><em><u>Legitimaci\u00f3<\/u><\/em><\/p>\n<p>Per regla general, previ al tractament de les dades personals,&nbsp; <strong>DENTAL MIR ODONTOLOGIA INTEGRAL SLP<\/strong>&nbsp; obt\u00e9 consentiment expr\u00e9s i inequ\u00edvoc del titular dels mateixos, mitjan\u00e7ant la incorporaci\u00f3 de cl\u00e0usules de consentiment informat als diferents sistemes de recollida d&#8217;informaci\u00f3.<\/p>\n<p>Aix\u00f2 no obstant, en cas que no es requereixi el consentiment de l&#8217;interessat, la base legitimadora del tractament en qu\u00e8 s&#8217;empara&nbsp; <strong>DENTAL MIR ODONTOLOGIA INTEGRAL SLP<\/strong>&nbsp; \u00e9s lexist\u00e8ncia duna llei o norma espec\u00edfica que autoritzi o exigeixi el tractament el tractament de les dades de linteressat.<br><br><\/p>\n<p><em><u>Destinataris<\/u><\/em><\/p>\n<p>Per regla general,&nbsp; <strong>DENTAL MIR ODONTOLOGIA INTEGRAL SLP<\/strong>&nbsp; no procedeix a la cessi\u00f3 o comunicaci\u00f3 de les dades a terceres entitats, llevat de les requerides legalment, no obstant, en cas que fos necessari, aquestes cessions o comunicacions de dades s&#8217;informen a l&#8217;interessat a trav\u00e9s de les cl\u00e0usules de consentiment informat contingudes a les diferents vies de recollida de dades personals.<br><br><\/p>\n<p><em><u>Proced\u00e8ncia<\/u><\/em><\/p>\n<p>Per regla general, les dades personals es recullen sempre directament de l&#8217;interessat, no obstant, en determinades excepcions, les dades poden ser recollides a trav\u00e9s de terceres persones, entitats o serveis diferents de l&#8217;interessat. En aquest sentit, aquest extrem ser\u00e0 traslladat a l&#8217;interessat a trav\u00e9s de les cl\u00e0usules de consentiment informat contingudes a les diferents vies de recollida d&#8217;informaci\u00f3 i dins d&#8217;un termini raonable, una vegada obtingudes les dades, i tardar d&#8217;aqu\u00ed a un mes. <br><br><\/p>\n<p><em><u>Terminis de conservaci\u00f3<\/u><\/em><\/p>\n<p>La informaci\u00f3 demanada de l&#8217;interessat ser\u00e0 conservada mentre sigui necess\u00e0ria per complir amb la finalitat per a la qual van ser recollides les dades personals, de manera que, una vegada complerta la finalitat, les dades seran cancel\u00b7lades. Aquesta cancel\u00b7laci\u00f3 donar\u00e0 lloc al bloqueig de les dades conservant-se \u00fanicament a disposici\u00f3 de les AAPP, jutges i tribunals, per atendre les possibles responsabilitats nascudes del tractament, durant el termini de prescripci\u00f3 d&#8217;aquestes, complert el termini esmentat es procedir\u00e0 a la destrucci\u00f3 de la informaci\u00f3 . <br><br><\/p>\n<p><strong>Dades de navegaci\u00f3:<\/strong><\/p>\n<p>Pel que fa a les dades de navegaci\u00f3 que es puguin tractar a trav\u00e9s del lloc web, en cas que es recullin dades sotmeses a la normativa, es recomana consultar la Pol\u00edtica de Cookies publicada al nostre lloc web.<\/p>\n<p><strong>Drets dels interessats:<\/strong><\/p>\n<p>La normativa en mat\u00e8ria de protecci\u00f3 de dades atorga una s\u00e8rie de drets als interessats o titulars de les dades, usuaris del lloc web o usuaris dels perfils de les xarxes socials de&nbsp; <strong>DENTAL MIR ODONTOLOGIA INTEGRAL SLP<\/strong><\/p>\n<p>Aquests drets que assisteixen a les persones interessades s\u00f3n els seg\u00fcents:<\/p>\n<ul>\n<li><u>Dret d&#8217;acc\u00e9s:<\/u>&nbsp; dret a obtenir informaci\u00f3 sobre si les seves dades s\u00f3n objecte de tractament, la finalitat del tractament que s&#8217;estigui realitzant, les categories de dades que es tracti, els destinataris o categories de destinataris, el termini de conservaci\u00f3 i l&#8217;origen d&#8217;aquestes dades.<\/li>\n<li><u>Dret de rectificaci\u00f3<\/u> : dret a obtenir la rectificaci\u00f3 de les dades personals inexactes o incompletes.<\/li>\n<li><u>Dret de supressi\u00f3<\/u> : dret a obtenir la supressi\u00f3 de les dades personals.<\/li>\n<li><u>Dret d&#8217;oposici\u00f3<\/u> : dret a oposar-se a un determinat tractament basat en el consentiment de l&#8217;interessat.<\/li>\n<li><u>Dret de limitaci\u00f3<\/u> : dret a obtenir la limitaci\u00f3 del tractament de les dades.<\/li>\n<li><u>Dret a la portabilitat<\/u> : dret a obtenir les dades en un format estructurat, d&#8217;\u00fas com\u00fa i de lectura mec\u00e0nica, ia transmetre&#8217;ls a un altre responsable del tractament d&#8217;acord amb la normativa de protecci\u00f3 de dades.<\/li>\n<\/ul>\n<p>Aix\u00ed mateix, l&#8217;interessat t\u00e9 dret a presentar una reclamaci\u00f3 davant de l&#8217;autoritat de control competent<\/p>\n<p>Els interessats podran exercitar els drets indicats, dirigint-se a&nbsp; <strong>dentalmir@gmail.com<\/strong>&nbsp; mitjan\u00e7ant escrit, tram\u00e8s a la seg\u00fcent adre\u00e7a:&nbsp; <strong>Rambla dels Pa\u00efsos Catalans, 12, 08110 Montcada i Reixac, Barcelona<\/strong> indicant a la l\u00ednia d&#8217;Afers el dret que voleu exercitar i adjuntant document acreditatiu de la identitat (pe DNI)<\/p>\n<p>En aquest sentit&nbsp; <strong>DENTAL MIR ODONTOLOGIA INTEGRAL SLP<\/strong>&nbsp; atendr\u00e0 la seva sol\u00b7licitud com m\u00e9s aviat millor i tenint en compte els terminis previstos a la normativa en mat\u00e8ria de protecci\u00f3 de dades.<\/p>\t\t\t\t\t\t\t\t<\/div>\n\t\t\t\t<\/div>\n\t\t\t\t\t<\/div>\n\t\t\t\t<\/div>\n\t\t\t\t<\/div>\n\t\t","protected":false},"excerpt":{"rendered":"<p>Responsable del Tractament Denominaci\u00f3 : DENTAL MIR ODONTOLOGIA INTEGRAL SLP Adre\u00e7a: Rambla dels Pa\u00efsos Catalans, 12, 08110 Montcada i Reixac, Barcelona Tel\u00e8fon de contacte: +34 935 64 65 60 \/ +34 669 36 94 13 Correu electr\u00f2nic: dentalmir@gmail.com Tractaments de dades: Les dades de car\u00e0cter personal que se sol\u00b7licitin, si escau, consistiran \u00fanicament en aquelles [&hellip;]<\/p>\n","protected":false},"author":1,"featured_media":0,"parent":0,"menu_order":0,"comment_status":"closed","ping_status":"closed","template":"","meta":{"_acf_changed":false,"footnotes":""},"class_list":["post-1788","page","type-page","status-publish","hentry"],"acf":[],"yoast_head":"<!-- This site is optimized with the Yoast SEO plugin v27.5 - https:\/\/yoast.com\/product\/yoast-seo-wordpress\/ -->\n<title>Pol\u00edtica de privadesa - DentalMir<\/title>\n<meta name=\"robots\" content=\"index, follow, max-snippet:-1, max-image-preview:large, max-video-preview:-1\" \/>\n<link rel=\"canonical\" href=\"https:\/\/www.dentalmir.com\/ca\/politica-de-privadesa\/\" \/>\n<meta property=\"og:locale\" content=\"ca_ES\" \/>\n<meta property=\"og:type\" content=\"article\" \/>\n<meta property=\"og:title\" content=\"Pol\u00edtica de privadesa - DentalMir\" \/>\n<meta property=\"og:description\" content=\"Responsable del Tractament Denominaci\u00f3 : DENTAL MIR ODONTOLOGIA INTEGRAL SLP Adre\u00e7a: Rambla dels Pa\u00efsos Catalans, 12, 08110 Montcada i Reixac, Barcelona Tel\u00e8fon de contacte: +34 935 64 65 60 \/ +34 669 36 94 13 Correu electr\u00f2nic: dentalmir@gmail.com Tractaments de dades: Les dades de car\u00e0cter personal que se sol\u00b7licitin, si escau, consistiran \u00fanicament en aquelles [&hellip;]\" \/>\n<meta property=\"og:url\" content=\"https:\/\/www.dentalmir.com\/ca\/politica-de-privadesa\/\" \/>\n<meta property=\"og:site_name\" content=\"DentalMir\" \/>\n<meta property=\"article:modified_time\" content=\"2024-11-13T15:16:19+00:00\" \/>\n<meta name=\"twitter:card\" content=\"summary_large_image\" \/>\n<meta name=\"twitter:label1\" content=\"Temps estimat de lectura\" \/>\n\t<meta name=\"twitter:data1\" content=\"5 minuts\" \/>\n<script type=\"application\/ld+json\" class=\"yoast-schema-graph\">{\"@context\":\"https:\\\/\\\/schema.org\",\"@graph\":[{\"@type\":\"WebPage\",\"@id\":\"https:\\\/\\\/www.dentalmir.com\\\/ca\\\/politica-de-privadesa\\\/\",\"url\":\"https:\\\/\\\/www.dentalmir.com\\\/ca\\\/politica-de-privadesa\\\/\",\"name\":\"Pol\u00edtica de privadesa - DentalMir\",\"isPartOf\":{\"@id\":\"https:\\\/\\\/www.dentalmir.com\\\/ca\\\/#website\"},\"datePublished\":\"2024-09-26T14:42:48+00:00\",\"dateModified\":\"2024-11-13T15:16:19+00:00\",\"breadcrumb\":{\"@id\":\"https:\\\/\\\/www.dentalmir.com\\\/ca\\\/politica-de-privadesa\\\/#breadcrumb\"},\"inLanguage\":\"ca\",\"potentialAction\":[{\"@type\":\"ReadAction\",\"target\":[\"https:\\\/\\\/www.dentalmir.com\\\/ca\\\/politica-de-privadesa\\\/\"]}]},{\"@type\":\"BreadcrumbList\",\"@id\":\"https:\\\/\\\/www.dentalmir.com\\\/ca\\\/politica-de-privadesa\\\/#breadcrumb\",\"itemListElement\":[{\"@type\":\"ListItem\",\"position\":1,\"name\":\"Portada\",\"item\":\"https:\\\/\\\/www.dentalmir.com\\\/ca\\\/\"},{\"@type\":\"ListItem\",\"position\":2,\"name\":\"Pol\u00edtica de privadesa\"}]},{\"@type\":\"WebSite\",\"@id\":\"https:\\\/\\\/www.dentalmir.com\\\/ca\\\/#website\",\"url\":\"https:\\\/\\\/www.dentalmir.com\\\/ca\\\/\",\"name\":\"DentalMir\",\"description\":\"Odontolog\u00eda integral\",\"publisher\":{\"@id\":\"https:\\\/\\\/www.dentalmir.com\\\/ca\\\/#organization\"},\"potentialAction\":[{\"@type\":\"SearchAction\",\"target\":{\"@type\":\"EntryPoint\",\"urlTemplate\":\"https:\\\/\\\/www.dentalmir.com\\\/ca\\\/?s={search_term_string}\"},\"query-input\":{\"@type\":\"PropertyValueSpecification\",\"valueRequired\":true,\"valueName\":\"search_term_string\"}}],\"inLanguage\":\"ca\"},{\"@type\":\"Organization\",\"@id\":\"https:\\\/\\\/www.dentalmir.com\\\/ca\\\/#organization\",\"name\":\"DentalMir\",\"url\":\"https:\\\/\\\/www.dentalmir.com\\\/ca\\\/\",\"logo\":{\"@type\":\"ImageObject\",\"inLanguage\":\"ca\",\"@id\":\"https:\\\/\\\/www.dentalmir.com\\\/ca\\\/#\\\/schema\\\/logo\\\/image\\\/\",\"url\":\"https:\\\/\\\/www.dentalmir.com\\\/wp-content\\\/uploads\\\/2024\\\/07\\\/logo-w.svg\",\"contentUrl\":\"https:\\\/\\\/www.dentalmir.com\\\/wp-content\\\/uploads\\\/2024\\\/07\\\/logo-w.svg\",\"width\":199,\"height\":57,\"caption\":\"DentalMir\"},\"image\":{\"@id\":\"https:\\\/\\\/www.dentalmir.com\\\/ca\\\/#\\\/schema\\\/logo\\\/image\\\/\"}}]}<\/script>\n<!-- \/ Yoast SEO plugin. -->","yoast_head_json":{"title":"Pol\u00edtica de privadesa - DentalMir","robots":{"index":"index","follow":"follow","max-snippet":"max-snippet:-1","max-image-preview":"max-image-preview:large","max-video-preview":"max-video-preview:-1"},"canonical":"https:\/\/www.dentalmir.com\/ca\/politica-de-privadesa\/","og_locale":"ca_ES","og_type":"article","og_title":"Pol\u00edtica de privadesa - DentalMir","og_description":"Responsable del Tractament Denominaci\u00f3 : DENTAL MIR ODONTOLOGIA INTEGRAL SLP Adre\u00e7a: Rambla dels Pa\u00efsos Catalans, 12, 08110 Montcada i Reixac, Barcelona Tel\u00e8fon de contacte: +34 935 64 65 60 \/ +34 669 36 94 13 Correu electr\u00f2nic: dentalmir@gmail.com Tractaments de dades: Les dades de car\u00e0cter personal que se sol\u00b7licitin, si escau, consistiran \u00fanicament en aquelles [&hellip;]","og_url":"https:\/\/www.dentalmir.com\/ca\/politica-de-privadesa\/","og_site_name":"DentalMir","article_modified_time":"2024-11-13T15:16:19+00:00","twitter_card":"summary_large_image","twitter_misc":{"Temps estimat de lectura":"5 minuts"},"schema":{"@context":"https:\/\/schema.org","@graph":[{"@type":"WebPage","@id":"https:\/\/www.dentalmir.com\/ca\/politica-de-privadesa\/","url":"https:\/\/www.dentalmir.com\/ca\/politica-de-privadesa\/","name":"Pol\u00edtica de privadesa - DentalMir","isPartOf":{"@id":"https:\/\/www.dentalmir.com\/ca\/#website"},"datePublished":"2024-09-26T14:42:48+00:00","dateModified":"2024-11-13T15:16:19+00:00","breadcrumb":{"@id":"https:\/\/www.dentalmir.com\/ca\/politica-de-privadesa\/#breadcrumb"},"inLanguage":"ca","potentialAction":[{"@type":"ReadAction","target":["https:\/\/www.dentalmir.com\/ca\/politica-de-privadesa\/"]}]},{"@type":"BreadcrumbList","@id":"https:\/\/www.dentalmir.com\/ca\/politica-de-privadesa\/#breadcrumb","itemListElement":[{"@type":"ListItem","position":1,"name":"Portada","item":"https:\/\/www.dentalmir.com\/ca\/"},{"@type":"ListItem","position":2,"name":"Pol\u00edtica de privadesa"}]},{"@type":"WebSite","@id":"https:\/\/www.dentalmir.com\/ca\/#website","url":"https:\/\/www.dentalmir.com\/ca\/","name":"DentalMir","description":"Odontolog\u00eda integral","publisher":{"@id":"https:\/\/www.dentalmir.com\/ca\/#organization"},"potentialAction":[{"@type":"SearchAction","target":{"@type":"EntryPoint","urlTemplate":"https:\/\/www.dentalmir.com\/ca\/?s={search_term_string}"},"query-input":{"@type":"PropertyValueSpecification","valueRequired":true,"valueName":"search_term_string"}}],"inLanguage":"ca"},{"@type":"Organization","@id":"https:\/\/www.dentalmir.com\/ca\/#organization","name":"DentalMir","url":"https:\/\/www.dentalmir.com\/ca\/","logo":{"@type":"ImageObject","inLanguage":"ca","@id":"https:\/\/www.dentalmir.com\/ca\/#\/schema\/logo\/image\/","url":"https:\/\/www.dentalmir.com\/wp-content\/uploads\/2024\/07\/logo-w.svg","contentUrl":"https:\/\/www.dentalmir.com\/wp-content\/uploads\/2024\/07\/logo-w.svg","width":199,"height":57,"caption":"DentalMir"},"image":{"@id":"https:\/\/www.dentalmir.com\/ca\/#\/schema\/logo\/image\/"}}]}},"_links":{"self":[{"href":"https:\/\/www.dentalmir.com\/ca\/wp-json\/wp\/v2\/pages\/1788","targetHints":{"allow":["GET"]}}],"collection":[{"href":"https:\/\/www.dentalmir.com\/ca\/wp-json\/wp\/v2\/pages"}],"about":[{"href":"https:\/\/www.dentalmir.com\/ca\/wp-json\/wp\/v2\/types\/page"}],"author":[{"embeddable":true,"href":"https:\/\/www.dentalmir.com\/ca\/wp-json\/wp\/v2\/users\/1"}],"replies":[{"embeddable":true,"href":"https:\/\/www.dentalmir.com\/ca\/wp-json\/wp\/v2\/comments?post=1788"}],"version-history":[{"count":1,"href":"https:\/\/www.dentalmir.com\/ca\/wp-json\/wp\/v2\/pages\/1788\/revisions"}],"predecessor-version":[{"id":1789,"href":"https:\/\/www.dentalmir.com\/ca\/wp-json\/wp\/v2\/pages\/1788\/revisions\/1789"}],"wp:attachment":[{"href":"https:\/\/www.dentalmir.com\/ca\/wp-json\/wp\/v2\/media?parent=1788"}],"curies":[{"name":"wp","href":"https:\/\/api.w.org\/{rel}","templated":true}]}}